{"id":147,"date":"2023-09-26T14:34:58","date_gmt":"2023-09-26T14:34:58","guid":{"rendered":"http:\/\/hanjun.spbuu.com\/?post_type=product&#038;p=147"},"modified":"2024-11-27T16:33:05","modified_gmt":"2024-11-27T08:33:05","slug":"pineapple-express","status":"publish","type":"product","link":"https:\/\/hanjunlight.com\/?product=pineapple-express","title":{"rendered":"Pl\u00e1cido Domingo"},"content":{"rendered":"<div class=\"auto-hide-last-sibling-br paragraph-u1TS5p paragraph-element br-paragraph-space\">Pl\u00e1cido Domingo, whose full name is Jos\u00e9 Pl\u00e1cido Domingo Embil, was born in Madrid, Spain on January 21, 1941. He is a renowned Spanish tenor singer and is hailed as one of the &#8220;Three Tenors of the World&#8221;. His career encompasses a wide range of opera roles and concert performances, earning him extensive international acclaim.<\/div>\n<p>&nbsp;<\/p>\n<div class=\"auto-hide-last-sibling-br paragraph-u1TS5p paragraph-element br-paragraph-space\">Domingo&#8217;s career took off with his performances at the National Opera of Mexico. At the age of twenty, he entered the tenor ranks by singing the role of Alfredo in Verdi&#8217;s &#8220;La Traviata&#8221;. His voice is full and magnificent, capable of handling various tenor roles ranging from lyrical to dramatic, and he has created many classic images such as Othello and Radames.<\/div>\n<p>&nbsp;<\/p>\n<div class=\"auto-hide-last-sibling-br paragraph-u1TS5p paragraph-element br-paragraph-space\">Domingo not only excels on the opera stage but also actively participates in concert performances and recording work. He has recorded over 100 albums, including recordings of 93 complete operas, and has won multiple Grammy Awards. Additionally, he has cooperated with Pavarotti and Carreras to hold numerous &#8220;Three Tenors&#8221; concerts, with their footprints spreading all over the globe.<\/div>\n<p>&nbsp;<\/p>\n<div class=\"auto-hide-last-sibling-br paragraph-u1TS5p paragraph-element br-paragraph-space\">Domingo has also made remarkable contributions to music education and promotion. He is the founder of the world&#8217;s largest annual vocal competition, the &#8220;World Opera Voice Competition&#8221;, which has been held in multiple cities to this day. He also serves as the General Director of the Los Angeles Opera and the Washington National Opera, remaining actively involved on the opera stage.<\/div>\n","protected":false},"excerpt":{"rendered":"<p>The &#8220;King of Opera&#8221; Pl\u00e1cido Domingo<\/p>\n","protected":false},"featured_media":1528,"comment_status":"closed","ping_status":"closed","template":"","meta":[],"product_brand":[],"product_cat":[25],"product_tag":[],"class_list":{"0":"post-147","1":"product","2":"type-product","3":"status-publish","4":"has-post-thumbnail","6":"product_cat-cannabis","8":"first","9":"instock","10":"downloadable","11":"virtual","12":"purchasable","13":"product-type-simple"},"acf":[],"_links":{"self":[{"href":"https:\/\/hanjunlight.com\/index.php?rest_route=\/wp\/v2\/product\/147","targetHints":{"allow":["GET"]}}],"collection":[{"href":"https:\/\/hanjunlight.com\/index.php?rest_route=\/wp\/v2\/product"}],"about":[{"href":"https:\/\/hanjunlight.com\/index.php?rest_route=\/wp\/v2\/types\/product"}],"replies":[{"embeddable":true,"href":"https:\/\/hanjunlight.com\/index.php?rest_route=%2Fwp%2Fv2%2Fcomments&post=147"}],"wp:featuredmedia":[{"embeddable":true,"href":"https:\/\/hanjunlight.com\/index.php?rest_route=\/wp\/v2\/media\/1528"}],"wp:attachment":[{"href":"https:\/\/hanjunlight.com\/index.php?rest_route=%2Fwp%2Fv2%2Fmedia&parent=147"}],"wp:term":[{"taxonomy":"product_brand","embeddable":true,"href":"https:\/\/hanjunlight.com\/index.php?rest_route=%2Fwp%2Fv2%2Fproduct_brand&post=147"},{"taxonomy":"product_cat","embeddable":true,"href":"https:\/\/hanjunlight.com\/index.php?rest_route=%2Fwp%2Fv2%2Fproduct_cat&post=147"},{"taxonomy":"product_tag","embeddable":true,"href":"https:\/\/hanjunlight.com\/index.php?rest_route=%2Fwp%2Fv2%2Fproduct_tag&post=147"}],"curies":[{"name":"wp","href":"https:\/\/api.w.org\/{rel}","templated":true}]}}